{"id":54,"date":"2018-05-03T15:16:12","date_gmt":"2018-05-03T15:16:12","guid":{"rendered":"https:\/\/inteliti.com\/gfsc\/?page_id=54"},"modified":"2021-02-17T17:03:01","modified_gmt":"2021-02-17T17:03:01","slug":"our-approach","status":"publish","type":"page","link":"https:\/\/globalfacilitators.org\/es\/our-approach\/","title":{"rendered":"NUESTRO ENFOQUE"},"content":{"rendered":"<div id=\"pl-54\"  class=\"panel-layout\" ><div id=\"pg-54-0\"  class=\"panel-grid panel-no-style\" ><div id=\"pgc-54-0-0\"  class=\"panel-grid-cell\" ><div id=\"panel-54-0-0-0\" class=\"so-panel widget widget_sow-editor panel-first-child panel-last-child\" data-index=\"0\" ><div class=\"panel-widget-style panel-widget-style-for-54-0-0-0\" ><div\n\t\t\t\n\t\t\tclass=\"so-widget-sow-editor so-widget-sow-editor-base\"\n\t\t\t\n\t\t>\n<div class=\"siteorigin-widget-tinymce textwidget\">\n\t<p>GFSC estimula el desarrollo de los recursos locales y la autonom\u00eda, as\u00ed como de las herramientas y habilidades que ya existen en cada comunidad, para fortalecer su capacidad de recuperaci\u00f3n y autosuficiencia, en particular para abordar los problemas cr\u00f3nicos, los cambios y las crisis. Ayudamos a facilitadores locales en muchos pa\u00edses a crear procesos que aumentan la capacidad, la sostenibilidad y la participaci\u00f3n en sus comunidades, instituciones y organizaciones.<\/p>\n<\/div>\n<\/div><\/div><\/div><\/div><\/div><div id=\"pg-54-1\"  class=\"panel-grid panel-no-style\" ><div id=\"pgc-54-1-0\"  class=\"panel-grid-cell\" ><div id=\"panel-54-1-0-0\" class=\"so-panel widget widget_sow-features panel-first-child panel-last-child\" data-index=\"1\" ><div\n\t\t\t\n\t\t\tclass=\"so-widget-sow-features so-widget-sow-features-default-3143f7030c8a-54\"\n\t\t\t\n\t\t><ul\n\tclass=\"sow-features-list\n\tsow-features-responsive\">\n\n\t\t\t<li\n\t\t\tclass=\"sow-features-feature sow-icon-container-position-top\"\n\t\t\tstyle=\"display: flex; flex-direction: column; width: calc(33.333% - 25px);\"\n\t\t>\n\t\t\t\n\t\t\t\t\t\t<div\t\t\t\tclass=\"sow-icon-container sow-container-round\"\n\t\t\t\tstyle=\"color: #006eb3; \"\n\t\t\t\t\n\t\t\t\t\t\t\t>\n\t\t\t\t<span class=\"sow-icon-fontawesome sow-fas\" data-sow-icon=\"&#xf19d;\"\n\t\tstyle=\"font-size: 34px; color: #FFFFFF\" \n\t\taria-hidden=\"true\"><\/span>\t\t\t<\/div>\n\n\t\t\t<div class=\"textwidget\">\n\t\t\t\t\n\t\t\t\t\t\t\t\t\t<h5 class=\"sow-features-feature-title\">\n\t\t\t\t\t\t<b> Modelo GFSC- Principios y Caracter\u00edsticas<\/b>\t\t\t\t\t<\/h5>\n\t\t\t\t\n\t\t\t\t\t\t\t\t\t<div class=\"sow-features-feature-text\">\n\t\t\t\t\t<p><\/p>\n<p>Capacitamos y asesoramos a un grupo inicial de l\u00edderes comunitarios y\/o profesionales, quienes luego comparten los conceptos, herramientas y t\u00e9cnicas aprendidos con una base\u00a0 de miembros de la comunidad en constante expansi\u00f3n, para incrementar la capacidad de la misma para enfrentar sus desaf\u00edos.<\/p>\t\t\t\t\t<\/div>\n\t\t\t\t\t\t\t\t<\/div>\n\t\t\t\t\t\t\t\t<\/li>\n\n\t\t\t<li\n\t\t\tclass=\"sow-features-feature sow-icon-container-position-top\"\n\t\t\tstyle=\"display: flex; flex-direction: column; width: calc(33.333% - 25px);\"\n\t\t>\n\t\t\t\n\t\t\t\t\t\t<div\t\t\t\tclass=\"sow-icon-container sow-container-round\"\n\t\t\t\tstyle=\"color: #006eb3; \"\n\t\t\t\t\n\t\t\t\t\t\t\t>\n\t\t\t\t<span class=\"sow-icon-fontawesome sow-fas\" data-sow-icon=\"&#xf1e0;\"\n\t\tstyle=\"font-size: 34px; color: #FFFFFF\" \n\t\taria-hidden=\"true\"><\/span>\t\t\t<\/div>\n\n\t\t\t<div class=\"textwidget\">\n\t\t\t\t\n\t\t\t\t\t\t\t\t\t<h5 class=\"sow-features-feature-title\">\n\t\t\t\t\t\t<b>Intercambio<\/b>\t\t\t\t\t<\/h5>\n\t\t\t\t\n\t\t\t\t\t\t\t\t\t<div class=\"sow-features-feature-text\">\n\t\t\t\t\t<p><\/p>\n<p>GFSC puede conectar individuos y grupos con mentores y compa\u00f1eros en situaciones similares, para que compartan experiencias, herramientas y t\u00e9cnicas efectivas. Tambi\u00e9n ofrecemos debates en l\u00ednea con expertos en diversos temas.<\/p>\t\t\t\t\t<\/div>\n\t\t\t\t\t\t\t\t<\/div>\n\t\t\t\t\t\t\t\t<\/li>\n\n\t\t\t<li\n\t\t\tclass=\"sow-features-feature sow-icon-container-position-top\"\n\t\t\tstyle=\"display: flex; flex-direction: column; width: calc(33.333% - 25px);\"\n\t\t>\n\t\t\t\n\t\t\t\t\t\t<div\t\t\t\tclass=\"sow-icon-container sow-container-round\"\n\t\t\t\tstyle=\"color: #006eb3; \"\n\t\t\t\t\n\t\t\t\t\t\t\t>\n\t\t\t\t<span class=\"sow-icon-fontawesome sow-fas\" data-sow-icon=\"&#xf0c0;\"\n\t\tstyle=\"font-size: 34px; color: #FFFFFF\" \n\t\taria-hidden=\"true\"><\/span>\t\t\t<\/div>\n\n\t\t\t<div class=\"textwidget\">\n\t\t\t\t\n\t\t\t\t\t\t\t\t\t<h5 class=\"sow-features-feature-title\">\n\t\t\t\t\t\t<b>Oportunidades de colaboraci\u00f3n<\/b>\t\t\t\t\t<\/h5>\n\t\t\t\t\n\t\t\t\t\t\t\t\t\t<div class=\"sow-features-feature-text\">\n\t\t\t\t\t<p><\/p>\n<p>GFSC busca oportunidades para trabajar con otras organizaciones que abogan por el desarrollo comunitario sostenible. Al trabajar juntos, compartimos recursos y experiencia, apoyamos objetivos mutuos y aumentamos la conciencia p\u00fablica.<\/p>\t\t\t\t\t<\/div>\n\t\t\t\t\t\t\t\t<\/div>\n\t\t\t\t\t\t\t\t<\/li>\n\n\t<\/ul>\n<\/div><\/div><\/div><\/div><div id=\"pg-54-2\"  class=\"panel-grid panel-no-style\" ><div id=\"pgc-54-2-0\"  class=\"panel-grid-cell\" ><div id=\"panel-54-2-0-0\" class=\"so-panel widget widget_sow-editor panel-first-child panel-last-child\" data-index=\"2\" ><div class=\"panel-widget-style panel-widget-style-for-54-2-0-0\" ><div\n\t\t\t\n\t\t\tclass=\"so-widget-sow-editor so-widget-sow-editor-base\"\n\t\t\t\n\t\t>\n<div class=\"siteorigin-widget-tinymce textwidget\">\n\t<h2 class=\"heading \" style=\"text-align:left !important;\">PRINCIPIOS DEL MODELO<\/h2>\n<ul>\n<li>La facilitaci\u00f3n es un catalizador eficaz para construir, reconstruir y mantener comunidades resilientes y aut\u00f3nomas.<\/li>\n<li>El apoyo psicosocial tiene gran importancia, como parte de la reconstrucci\u00f3n de las comunidades afectadas por crisis o desastres.<\/li>\n<li>Quienes han perdido a sus seres queridos y\/o sus hogares y medios de subsistencia, o han sido v\u00edctimas de violencia, necesitan de apoyo en el procesamiento de esas dif\u00edciles experiencias y de las p\u00e9rdidas sufridas, para poder recuperar su esperanza, ser capaces de usar sus propios recursos personales y reconstruir sus vidas.<\/li>\n<li>Las personas y las comunidades, como sistemas sociales, son capaces de auto-determinarse y superar sus crisis. <\/li>\n<li>Los l\u00edderes locales capacitados como facilitadores pueden contribuir de manera efectiva a la recuperaci\u00f3n psicosocial de sus comunidades en tiempos de crisis y desastre.<\/li>\n<\/ul>\n<\/div>\n<\/div><\/div><\/div><\/div><div id=\"pgc-54-2-1\"  class=\"panel-grid-cell\" ><div id=\"panel-54-2-1-0\" class=\"so-panel widget widget_sow-image panel-first-child panel-last-child\" data-index=\"3\" ><div class=\"panel-widget-style panel-widget-style-for-54-2-1-0\" ><div\n\t\t\t\n\t\t\tclass=\"so-widget-sow-image so-widget-sow-image-default-334eeca80698-54\"\n\t\t\t\n\t\t>\n<div class=\"sow-image-container\">\n\t\t<img fetchpriority=\"high\" \n\tsrc=\"https:\/\/globalfacilitators.org\/wp-content\/uploads\/2018\/05\/20170610_120857.jpg-RGB.jpg\" width=\"1400\" height=\"765\" srcset=\"https:\/\/globalfacilitators.org\/wp-content\/uploads\/2018\/05\/20170610_120857.jpg-RGB.jpg 1400w, https:\/\/globalfacilitators.org\/wp-content\/uploads\/2018\/05\/20170610_120857.jpg-RGB-300x164.jpg 300w, https:\/\/globalfacilitators.org\/wp-content\/uploads\/2018\/05\/20170610_120857.jpg-RGB-768x420.jpg 768w, https:\/\/globalfacilitators.org\/wp-content\/uploads\/2018\/05\/20170610_120857.jpg-RGB-1024x560.jpg 1024w\" sizes=\"(max-width: 1400px) 100vw, 1400px\" title=\"A group of five people sitting indoors against a brick wall.\" alt=\"A group of five people sitting indoors against a brick wall.\" \t\tclass=\"so-widget-image\"\/>\n\t<\/div>\n\n<\/div><\/div><\/div><\/div><\/div><div id=\"pg-54-3\"  class=\"panel-grid panel-no-style\" ><div id=\"pgc-54-3-0\"  class=\"panel-grid-cell\" ><div id=\"panel-54-3-0-0\" class=\"so-panel widget widget_sow-editor panel-first-child panel-last-child\" data-index=\"4\" ><div class=\"panel-widget-style panel-widget-style-for-54-3-0-0\" ><div\n\t\t\t\n\t\t\tclass=\"so-widget-sow-editor so-widget-sow-editor-base\"\n\t\t\t\n\t\t>\n<div class=\"siteorigin-widget-tinymce textwidget\">\n\t<h2 class=\"heading \" style=\"text-align:left !important;\">CARACTER\u00cdSTICAS DEL MODELO<\/h2>\n<ul>\n<li>Basado en el Modelo de Aprendizaje Social de la UNESCO: \"Aprendizajes para el Nuevo Milenio\" y conceptualmente simple y pr\u00e1ctico.<\/li>\n<li>Enfocado en la capacitaci\u00f3n de l\u00edderes locales como facilitadores, ayud\u00e1ndoles a pensar y actuar con mayor eficacia para aumentar el bienestar de sus comunidades y, a su vez, a capacitar a otros l\u00edderes locales.<\/li>\n<li>Ayuda a las comunidades a pasar de la crisis a la recuperaci\u00f3n y la reconstrucci\u00f3n psicosocial.<\/li>\n<li>Funciona en paralelo y contin\u00faa despu\u00e9s del trabajo inicial de rescate y de primeros auxilios, cuando los sobrevivientes est\u00e1n listos para trabajar en su recuperaci\u00f3n emocional.<\/li>\n<li>Ofrece el apoyo de facilitadores voluntarios, quienes comparten conocimientos, experiencia y est\u00edmulo a las comunidades, para que \u00e9stas desarrollen sus capacidades, en muchos pa\u00edses del mundo.<\/li>\n<\/ul>\n<\/div>\n<\/div><\/div><\/div><\/div><\/div><div id=\"pg-54-4\"  class=\"panel-grid panel-no-style\" ><div id=\"pgc-54-4-0\"  class=\"panel-grid-cell\" ><div id=\"panel-54-4-0-0\" class=\"so-panel widget widget_sow-image panel-first-child panel-last-child\" data-index=\"5\" ><div\n\t\t\t\n\t\t\tclass=\"so-widget-sow-image so-widget-sow-image-default-113ccd71f3e6-54\"\n\t\t\t\n\t\t>\n<div class=\"sow-image-container\">\n\t\t<img \n\tsrc=\"https:\/\/globalfacilitators.org\/wp-content\/uploads\/2018\/06\/logo-gfsc-alc4bn-300x101.png\" width=\"300\" height=\"101\" srcset=\"https:\/\/globalfacilitators.org\/wp-content\/uploads\/2018\/06\/logo-gfsc-alc4bn-300x101.png 300w, https:\/\/globalfacilitators.org\/wp-content\/uploads\/2018\/06\/logo-gfsc-alc4bn-768x259.png 768w, https:\/\/globalfacilitators.org\/wp-content\/uploads\/2018\/06\/logo-gfsc-alc4bn.png 866w\" sizes=\"(max-width: 300px) 100vw, 300px\" title=\"Logo featuring stylized initials and the text &#8216;CREATORS SERVING&#8217;.\" alt=\"Logo featuring stylized initials and the text &#039;CREATORS SERVING&#039;.\" \t\tclass=\"so-widget-image\"\/>\n\t<\/div>\n\n<\/div><\/div><\/div><\/div><\/div>","protected":false},"excerpt":{"rendered":"<p>GFSC estimula el desarrollo de los recursos locales y la autonom\u00eda, as\u00ed como de las herramientas y habilidades que ya existen en cada comunidad, para fortalecer su capacidad de recuperaci\u00f3n y autosuficiencia, en particular para abordar los problemas cr\u00f3nicos, los cambios y las crisis. Ayudamos a facilitadores locales en muchos pa\u00edses a crear procesos que&#8230; <\/p>\n","protected":false},"author":1,"featured_media":0,"parent":0,"menu_order":0,"comment_status":"closed","ping_status":"closed","template":"full-width.php","meta":{"footnotes":""},"class_list":["post-54","page","type-page","status-publish","hentry"],"yoast_head":"<!-- This site is optimized with the Yoast SEO plugin v27.4 - https:\/\/yoast.com\/product\/yoast-seo-wordpress\/ -->\n<title>OUR APPROACH | Community Resilience by GFSC<\/title>\n<meta name=\"description\" content=\"Empower your community with Community Resilience by [:es]GFSC[:]. Learn how facilitation aids psychosocial recovery and self-reliance.\" \/>\n<meta name=\"robots\" content=\"index, follow, max-snippet:-1, max-image-preview:large, max-video-preview:-1\" \/>\n<link rel=\"canonical\" href=\"https:\/\/globalfacilitators.org\/our-approach\/\" \/>\n<meta property=\"og:locale\" content=\"es_ES\" \/>\n<meta property=\"og:type\" content=\"article\" \/>\n<meta property=\"og:title\" content=\"OUR APPROACH | Community Resilience by [:es]GFSC[:]\" \/>\n<meta property=\"og:description\" content=\"Empower your community with Community Resilience by [:es]GFSC[:]. Learn how facilitation aids psychosocial recovery and self-reliance.\" \/>\n<meta property=\"og:url\" content=\"https:\/\/globalfacilitators.org\/our-approach\/\" \/>\n<meta property=\"og:site_name\" content=\"GFSC\" \/>\n<meta property=\"article:modified_time\" content=\"2021-02-17T17:03:01+00:00\" \/>\n<meta property=\"og:image\" content=\"https:\/\/globalfacilitators.org\/wp-content\/uploads\/2021\/03\/IMG-20160708-WA0018.jpg\" \/>\n<meta name=\"twitter:card\" content=\"summary_large_image\" \/>\n<meta name=\"twitter:title\" content=\"OUR APPROACH | Community Resilience by [:es]GFSC[:]\" \/>\n<meta name=\"twitter:description\" content=\"Empower your community with Community Resilience by [:es]GFSC[:]. Learn how facilitation aids psychosocial recovery and self-reliance.\" \/>\n<meta name=\"twitter:image\" content=\"https:\/\/globalfacilitators.org\/wp-content\/uploads\/2021\/03\/IMG-20160708-WA0018.jpg\" \/>\n<meta name=\"twitter:label1\" content=\"Tiempo de lectura\" \/>\n\t<meta name=\"twitter:data1\" content=\"3 minutos\" \/>\n<script type=\"application\/ld+json\" class=\"yoast-schema-graph\">{\"@context\":\"https:\\\/\\\/schema.org\",\"@graph\":[{\"@type\":\"WebPage\",\"@id\":\"https:\\\/\\\/globalfacilitators.org\\\/our-approach\\\/\",\"url\":\"https:\\\/\\\/globalfacilitators.org\\\/our-approach\\\/\",\"name\":\"OUR APPROACH | Community Resilience by [:es]GFSC[:]\",\"isPartOf\":{\"@id\":\"https:\\\/\\\/globalfacilitators.org\\\/#website\"},\"datePublished\":\"2018-05-03T15:16:12+00:00\",\"dateModified\":\"2021-02-17T17:03:01+00:00\",\"description\":\"Empower your community with Community Resilience by [:es]GFSC[:]. Learn how facilitation aids psychosocial recovery and self-reliance.\",\"breadcrumb\":{\"@id\":\"https:\\\/\\\/globalfacilitators.org\\\/our-approach\\\/#breadcrumb\"},\"inLanguage\":\"es\",\"potentialAction\":[{\"@type\":\"ReadAction\",\"target\":[\"https:\\\/\\\/globalfacilitators.org\\\/our-approach\\\/\"]}]},{\"@type\":\"BreadcrumbList\",\"@id\":\"https:\\\/\\\/globalfacilitators.org\\\/our-approach\\\/#breadcrumb\",\"itemListElement\":[{\"@type\":\"ListItem\",\"position\":1,\"name\":\"Home\",\"item\":\"https:\\\/\\\/globalfacilitators.org\\\/\"},{\"@type\":\"ListItem\",\"position\":2,\"name\":\"[:en]OUR APPROACH[:es]NUESTRO ENFOQUE[:]\"}]},{\"@type\":\"WebSite\",\"@id\":\"https:\\\/\\\/globalfacilitators.org\\\/#website\",\"url\":\"https:\\\/\\\/globalfacilitators.org\\\/\",\"name\":\"GFSC\",\"description\":\"\",\"potentialAction\":[{\"@type\":\"SearchAction\",\"target\":{\"@type\":\"EntryPoint\",\"urlTemplate\":\"https:\\\/\\\/globalfacilitators.org\\\/?s={search_term_string}\"},\"query-input\":{\"@type\":\"PropertyValueSpecification\",\"valueRequired\":true,\"valueName\":\"search_term_string\"}}],\"inLanguage\":\"es\"}]}<\/script>\n<!-- \/ Yoast SEO plugin. -->","yoast_head_json":{"title":"OUR APPROACH | Community Resilience by [:es]GFSC[:]","description":"Empower your community with Community Resilience by [:es]GFSC[:]. Learn how facilitation aids psychosocial recovery and self-reliance.","robots":{"index":"index","follow":"follow","max-snippet":"max-snippet:-1","max-image-preview":"max-image-preview:large","max-video-preview":"max-video-preview:-1"},"canonical":"https:\/\/globalfacilitators.org\/our-approach\/","og_locale":"es_ES","og_type":"article","og_title":"OUR APPROACH | Community Resilience by [:es]GFSC[:]","og_description":"Empower your community with Community Resilience by [:es]GFSC[:]. Learn how facilitation aids psychosocial recovery and self-reliance.","og_url":"https:\/\/globalfacilitators.org\/our-approach\/","og_site_name":"GFSC","article_modified_time":"2021-02-17T17:03:01+00:00","og_image":[{"url":"https:\/\/globalfacilitators.org\/wp-content\/uploads\/2021\/03\/IMG-20160708-WA0018.jpg","type":"","width":"","height":""}],"twitter_card":"summary_large_image","twitter_title":"OUR APPROACH | Community Resilience by [:es]GFSC[:]","twitter_description":"Empower your community with Community Resilience by [:es]GFSC[:]. Learn how facilitation aids psychosocial recovery and self-reliance.","twitter_image":"https:\/\/globalfacilitators.org\/wp-content\/uploads\/2021\/03\/IMG-20160708-WA0018.jpg","twitter_misc":{"Tiempo de lectura":"3 minutos"},"schema":{"@context":"https:\/\/schema.org","@graph":[{"@type":"WebPage","@id":"https:\/\/globalfacilitators.org\/our-approach\/","url":"https:\/\/globalfacilitators.org\/our-approach\/","name":"OUR APPROACH | Community Resilience by [:es]GFSC[:]","isPartOf":{"@id":"https:\/\/globalfacilitators.org\/#website"},"datePublished":"2018-05-03T15:16:12+00:00","dateModified":"2021-02-17T17:03:01+00:00","description":"Empower your community with Community Resilience by [:es]GFSC[:]. Learn how facilitation aids psychosocial recovery and self-reliance.","breadcrumb":{"@id":"https:\/\/globalfacilitators.org\/our-approach\/#breadcrumb"},"inLanguage":"es","potentialAction":[{"@type":"ReadAction","target":["https:\/\/globalfacilitators.org\/our-approach\/"]}]},{"@type":"BreadcrumbList","@id":"https:\/\/globalfacilitators.org\/our-approach\/#breadcrumb","itemListElement":[{"@type":"ListItem","position":1,"name":"Home","item":"https:\/\/globalfacilitators.org\/"},{"@type":"ListItem","position":2,"name":"[:en]OUR APPROACH[:es]NUESTRO ENFOQUE[:]"}]},{"@type":"WebSite","@id":"https:\/\/globalfacilitators.org\/#website","url":"https:\/\/globalfacilitators.org\/","name":"GFSC","description":"","potentialAction":[{"@type":"SearchAction","target":{"@type":"EntryPoint","urlTemplate":"https:\/\/globalfacilitators.org\/?s={search_term_string}"},"query-input":{"@type":"PropertyValueSpecification","valueRequired":true,"valueName":"search_term_string"}}],"inLanguage":"es"}]}},"_links":{"self":[{"href":"https:\/\/globalfacilitators.org\/es\/wp-json\/wp\/v2\/pages\/54","targetHints":{"allow":["GET"]}}],"collection":[{"href":"https:\/\/globalfacilitators.org\/es\/wp-json\/wp\/v2\/pages"}],"about":[{"href":"https:\/\/globalfacilitators.org\/es\/wp-json\/wp\/v2\/types\/page"}],"author":[{"embeddable":true,"href":"https:\/\/globalfacilitators.org\/es\/wp-json\/wp\/v2\/users\/1"}],"replies":[{"embeddable":true,"href":"https:\/\/globalfacilitators.org\/es\/wp-json\/wp\/v2\/comments?post=54"}],"version-history":[{"count":67,"href":"https:\/\/globalfacilitators.org\/es\/wp-json\/wp\/v2\/pages\/54\/revisions"}],"predecessor-version":[{"id":1623,"href":"https:\/\/globalfacilitators.org\/es\/wp-json\/wp\/v2\/pages\/54\/revisions\/1623"}],"wp:attachment":[{"href":"https:\/\/globalfacilitators.org\/es\/wp-json\/wp\/v2\/media?parent=54"}],"curies":[{"name":"wp","href":"https:\/\/api.w.org\/{rel}","templated":true}]}}