{"id":52,"date":"2018-05-03T15:15:47","date_gmt":"2018-05-03T15:15:47","guid":{"rendered":"https:\/\/inteliti.com\/gfsc\/?page_id=52"},"modified":"2018-07-14T22:28:15","modified_gmt":"2018-07-14T22:28:15","slug":"what-we-do","status":"publish","type":"page","link":"https:\/\/globalfacilitators.org\/es\/what-we-do\/","title":{"rendered":"QU\u00c9 HACEMOS"},"content":{"rendered":"<div id=\"pl-52\"  class=\"panel-layout\" ><div id=\"pg-52-0\"  class=\"panel-grid panel-no-style\" ><div id=\"pgc-52-0-0\"  class=\"panel-grid-cell\" ><div id=\"panel-52-0-0-0\" class=\"so-panel widget widget_sow-editor panel-first-child panel-last-child\" data-index=\"0\" ><div class=\"panel-widget-style panel-widget-style-for-52-0-0-0\" ><div\n\t\t\t\n\t\t\tclass=\"so-widget-sow-editor so-widget-sow-editor-base\"\n\t\t\t\n\t\t>\n<div class=\"siteorigin-widget-tinymce textwidget\">\n\t<\/p>\n<h2 class=\"heading \" style=\"text-align:left !important;\">TALLERES<\/h2>\n<p>GFSC ofrece talleres para facilitadores y otros profesionales, as\u00ed como agencias y organizacio-nes que prestan servicios a sus comunidades. GFSC tambi\u00e9n capacita a los y las l\u00edderes de la comunidad local como facilitadores para que puedan ayudar mejor a las comunidades afectadas por crisis o desastres. Los principales objetivos de los talleres son:<\/p>\n<ul>\n<li>Facilitar los procesos de recuperaci\u00f3n psicosocial despu\u00e9s de un desastre o una crisis<\/li>\n<li>Desarrollar la resiliencia comunitaria<\/li>\n<li>Ayudar a los y las cuidadores a ayudarse a s\u00ed mismos y a los dem\u00e1s<\/li>\n<\/ul>\n<div class=\"su-expand su-expand-collapsed su-expand-link-style-default\" data-height=\"100\"><div class=\"su-expand-content su-u-trim\" style=\"color:#333333;max-height:100px;overflow:hidden\">Nuestros talleres est\u00e1n dise\u00f1ados para desarrollar la capacidad de recuperaci\u00f3n y autosuficiencia de la comunidad usando t\u00e9cnicas efectivas de facilitaci\u00f3n, dise\u00f1adas espec\u00edficamente para abordar las necesidades de las personas y las comunidades que enfrentan cambios, desaf\u00edos o crisis.<\/p>\n<p>El taller fundamental de GFSC, \"Crisis&gt; Cambio&gt; Elecci\u00f3n - Desarrollar la resiliencia personal y comunitaria\" (anteriormente Intervenci\u00f3n en Crisis y Desastres), est\u00e1 dise\u00f1ado para facilitadores, organizaciones y l\u00edderes comunitarios. Los elementos clave esenciales de este taller incluyen: aprender a aprender como comunidad, recordar y comprender las reacciones iniciales a la crisis, identificar comportamientos y estrategias efectivas e ineficaces, aplicar estilos de liderazgo efectivos, cuidarse a uno mismo mientras cuida a los dem\u00e1s, ayudar a la comunidad local a planificar c\u00f3mo compartir este modelo en toda la comunidad.<\/p>\n<p>GFSC tambi\u00e9n puede ofrecer, previa solicitud, talleres virtuales o seminarios web sobre temas relacionados con la construcci\u00f3n de resiliencia comunitaria y la recuperaci\u00f3n psicosocial despu\u00e9s de desastres y crisis, dise\u00f1ados para satisfacer las necesidades de los participantes y la comunidad.<\/p>\n<p>Cont\u00e1ctenos para hablar sobre actividades especiales con agencias u organizaciones locales en su \u00e1rea.<\/div><div class=\"su-expand-link su-expand-link-more\" style=\"text-align:left\"><a href=\"javascript:;\" style=\"color:#0088FF;border-color:#0088FF\"><i class=\"sui sui-arrow-down\" style=\"\" aria-label=\"\"><\/i><span style=\"border-color:#0088FF\">Mostrar m\u00e1s<\/span><\/a><\/div><div class=\"su-expand-link su-expand-link-less\" style=\"text-align:left\"><a href=\"javascript:;\" style=\"color:#0088FF;border-color:#0088FF\"><i class=\"sui sui-arrow-up\" style=\"\" aria-label=\"\"><\/i><span style=\"border-color:#0088FF\">Mostrar menos<\/span><\/a><\/div><\/div><\/p>\n<\/div>\n<\/div><\/div><\/div><\/div><\/div><div id=\"pg-52-1\"  class=\"panel-grid panel-no-style\" ><div id=\"pgc-52-1-0\"  class=\"panel-grid-cell\" ><div id=\"panel-52-1-0-0\" class=\"so-panel widget widget_sow-editor panel-first-child panel-last-child\" data-index=\"1\" ><div class=\"panel-widget-style panel-widget-style-for-52-1-0-0\" ><div\n\t\t\t\n\t\t\tclass=\"so-widget-sow-editor so-widget-sow-editor-base\"\n\t\t\t\n\t\t>\n<div class=\"siteorigin-widget-tinymce textwidget\">\n\t<\/p>\n<h2 class=\"heading \" style=\"text-align:left !important;\">APOYO Y MENTOR\u00cdA<\/h2>\n<p>GFSC brinda apoyo a los y las facilitadores capacitados en los talleres de formaci\u00f3n, en sus primeras intervenciones con las comunidades afectadas y una mentor\u00eda virtual posterior en su trabajo con las comunidades. Mantenemos una red de facilitadores capacitados que est\u00e1n preparados para servir en sus pa\u00edses cuando aparece un nuevo desastre o crisis.<\/p>\n<h2 class=\"heading underline\" style=\"text-align:left !important;\">PUBLICACIONES<\/h2>\n<p>GFSC desarrolla materiales did\u00e1cticos y publicaciones que las y los l\u00edderes de las comunidades afectadas por crisis y\/o desastres pueden utilizar para ayudarlos mejor en los procesos de recuperaci\u00f3n psicosocial, as\u00ed como materiales relacionados con el cuidado apropiado de los cuidadores (adultos y ni\u00f1os).<\/p>\n<p>La biblioteca en l\u00ednea de GFSC contiene muchos art\u00edculos, manuales y bosquejos de talleres. GFSC actualiza y agrega continuamente materiales para incluir perspectivas y perspectivas de muchos pa\u00edses y culturas. Desarrollamos nuevos materiales y talleres basados en las experiencias e investigaciones de nuestros voluntarios y voluntarias.<\/p>\n<\/p>\n<p>&nbsp;<\/p>\n<\/div>\n<\/div><\/div><\/div><\/div><div id=\"pgc-52-1-1\"  class=\"panel-grid-cell\" ><div id=\"panel-52-1-1-0\" class=\"so-panel widget widget_sow-image panel-first-child panel-last-child\" data-index=\"2\" ><div class=\"panel-widget-style panel-widget-style-for-52-1-1-0\" ><div\n\t\t\t\n\t\t\tclass=\"so-widget-sow-image so-widget-sow-image-default-8b5b6f678277-52\"\n\t\t\t\n\t\t>\n<div class=\"sow-image-container\">\n\t\t<img fetchpriority=\"high\" \n\tsrc=\"https:\/\/globalfacilitators.org\/wp-content\/uploads\/2018\/05\/IMG-20170611-WA0017.jpg-RGB-768x420.jpg\" width=\"768\" height=\"420\" srcset=\"https:\/\/globalfacilitators.org\/wp-content\/uploads\/2018\/05\/IMG-20170611-WA0017.jpg-RGB-768x420.jpg 768w, https:\/\/globalfacilitators.org\/wp-content\/uploads\/2018\/05\/IMG-20170611-WA0017.jpg-RGB-300x164.jpg 300w, https:\/\/globalfacilitators.org\/wp-content\/uploads\/2018\/05\/IMG-20170611-WA0017.jpg-RGB-1024x560.jpg 1024w, https:\/\/globalfacilitators.org\/wp-content\/uploads\/2018\/05\/IMG-20170611-WA0017.jpg-RGB.jpg 1400w\" sizes=\"(max-width: 768px) 100vw, 768px\" title=\"Group photo of people outdoors near greenery and a thatched roof.\" alt=\"Group photo of people outdoors near greenery and a thatched roof.\" \t\tclass=\"so-widget-image\"\/>\n\t<\/div>\n\n<\/div><\/div><\/div><\/div><\/div><div id=\"pg-52-2\"  class=\"panel-grid panel-no-style\" ><div id=\"pgc-52-2-0\"  class=\"panel-grid-cell\" ><div id=\"panel-52-2-0-0\" class=\"so-panel widget widget_sow-editor panel-first-child panel-last-child\" data-index=\"3\" ><div class=\"panel-widget-style panel-widget-style-for-52-2-0-0\" ><div\n\t\t\t\n\t\t\tclass=\"so-widget-sow-editor so-widget-sow-editor-base\"\n\t\t\t\n\t\t>\n<div class=\"siteorigin-widget-tinymce textwidget\">\n\t<h2 class=\"heading underline\" style=\"text-align:left !important;\">CONECTAR Y COMPARTIR \/ CREACI\u00d3N DE RED DE FACILITADORES<\/h2>\n<p>GFSC puede conectar individuos y grupos con mentores y compa\u00f1eros en situaciones similares para compartir experiencias, herramientas y t\u00e9cnicas efectivas. Tambi\u00e9n ofrecemos debates en l\u00ednea con expertos en diversos temas.<\/p>\n<p>GFSC busca oportunidades para trabajar con otras organizaciones que abogan por el desarrollo comunitario sostenible. Al trabajar juntos, compartimos recursos y experiencia, apoyamos objetivos mutuos y aumentamos la conciencia p\u00fablica sobre temas relacionados con la resiliencia y la recuperaci\u00f3n post desastres y crisis.<\/p>\n<\/div>\n<\/div><\/div><\/div><\/div><\/div><div id=\"pg-52-3\"  class=\"panel-grid panel-no-style\" ><div id=\"pgc-52-3-0\"  class=\"panel-grid-cell\" ><div id=\"panel-52-3-0-0\" class=\"so-panel widget widget_sow-image panel-first-child panel-last-child\" data-index=\"4\" ><div\n\t\t\t\n\t\t\tclass=\"so-widget-sow-image so-widget-sow-image-default-113ccd71f3e6-52\"\n\t\t\t\n\t\t>\n<div class=\"sow-image-container\">\n\t\t<img \n\tsrc=\"https:\/\/globalfacilitators.org\/wp-content\/uploads\/2018\/06\/logo-gfsc-alc4bn-300x101.png\" width=\"300\" height=\"101\" srcset=\"https:\/\/globalfacilitators.org\/wp-content\/uploads\/2018\/06\/logo-gfsc-alc4bn-300x101.png 300w, https:\/\/globalfacilitators.org\/wp-content\/uploads\/2018\/06\/logo-gfsc-alc4bn-768x259.png 768w, https:\/\/globalfacilitators.org\/wp-content\/uploads\/2018\/06\/logo-gfsc-alc4bn.png 866w\" sizes=\"(max-width: 300px) 100vw, 300px\" title=\"Logo featuring stylized initials and the text &#8216;CREATORS SERVING&#8217;.\" alt=\"Logo featuring stylized initials and the text &#039;CREATORS SERVING&#039;.\" \t\tclass=\"so-widget-image\"\/>\n\t<\/div>\n\n<\/div><\/div><\/div><\/div><\/div>","protected":false},"excerpt":{"rendered":"<p>GFSC ofrece talleres para facilitadores y otros profesionales, as\u00ed como agencias y organizacio-nes que prestan servicios a sus comunidades. GFSC tambi\u00e9n capacita a los y las l\u00edderes de la comunidad local como facilitadores para que puedan ayudar mejor a las comunidades afectadas por crisis o desastres. Los principales objetivos de los talleres son: Facilitar los&#8230; <\/p>\n","protected":false},"author":1,"featured_media":0,"parent":0,"menu_order":0,"comment_status":"closed","ping_status":"closed","template":"full-width.php","meta":{"footnotes":""},"class_list":["post-52","page","type-page","status-publish","hentry"],"yoast_head":"<!-- This site is optimized with the Yoast SEO plugin v27.4 - https:\/\/yoast.com\/product\/yoast-seo-wordpress\/ -->\n<title>WHAT WE DO | Community Resilience by GFSC<\/title>\n<meta name=\"description\" content=\"Explore [:es]GFSC[:] workshops. Train to aid communities post-crisis. Access resources and connect globally.\" \/>\n<meta name=\"robots\" content=\"index, follow, max-snippet:-1, max-image-preview:large, max-video-preview:-1\" \/>\n<link rel=\"canonical\" href=\"https:\/\/globalfacilitators.org\/what-we-do\/\" \/>\n<meta property=\"og:locale\" content=\"es_ES\" \/>\n<meta property=\"og:type\" content=\"article\" \/>\n<meta property=\"og:title\" content=\"WHAT WE DO | Community Resilience by [:es]GFSC[:]\" \/>\n<meta property=\"og:description\" content=\"Explore [:es]GFSC[:] workshops. Train to aid communities post-crisis. Access resources and connect globally.\" \/>\n<meta property=\"og:url\" content=\"https:\/\/globalfacilitators.org\/what-we-do\/\" \/>\n<meta property=\"og:site_name\" content=\"GFSC\" \/>\n<meta property=\"article:modified_time\" content=\"2018-07-14T22:28:15+00:00\" \/>\n<meta property=\"og:image\" content=\"https:\/\/globalfacilitators.org\/wp-content\/uploads\/2024\/07\/Copia-Grupo-Programa-de-formacion-de-GFSC-para-facilitadores-de-Brasil.-Junio.2024.jpg.png\" \/>\n<meta name=\"twitter:card\" content=\"summary_large_image\" \/>\n<meta name=\"twitter:title\" content=\"WHAT WE DO | Community Resilience by [:es]GFSC[:]\" \/>\n<meta name=\"twitter:description\" content=\"Explore [:es]GFSC[:] workshops. Train to aid communities post-crisis. Access resources and connect globally.\" \/>\n<meta name=\"twitter:image\" content=\"https:\/\/globalfacilitators.org\/wp-content\/uploads\/2024\/07\/Copia-Grupo-Programa-de-formacion-de-GFSC-para-facilitadores-de-Brasil.-Junio.2024.jpg.png\" \/>\n<meta name=\"twitter:label1\" content=\"Tiempo de lectura\" \/>\n\t<meta name=\"twitter:data1\" content=\"6 minutos\" \/>\n<script type=\"application\/ld+json\" class=\"yoast-schema-graph\">{\"@context\":\"https:\\\/\\\/schema.org\",\"@graph\":[{\"@type\":\"WebPage\",\"@id\":\"https:\\\/\\\/globalfacilitators.org\\\/what-we-do\\\/\",\"url\":\"https:\\\/\\\/globalfacilitators.org\\\/what-we-do\\\/\",\"name\":\"WHAT WE DO | Community Resilience by [:es]GFSC[:]\",\"isPartOf\":{\"@id\":\"https:\\\/\\\/globalfacilitators.org\\\/#website\"},\"datePublished\":\"2018-05-03T15:15:47+00:00\",\"dateModified\":\"2018-07-14T22:28:15+00:00\",\"description\":\"Explore [:es]GFSC[:] workshops. Train to aid communities post-crisis. Access resources and connect globally.\",\"breadcrumb\":{\"@id\":\"https:\\\/\\\/globalfacilitators.org\\\/what-we-do\\\/#breadcrumb\"},\"inLanguage\":\"es\",\"potentialAction\":[{\"@type\":\"ReadAction\",\"target\":[\"https:\\\/\\\/globalfacilitators.org\\\/what-we-do\\\/\"]}]},{\"@type\":\"BreadcrumbList\",\"@id\":\"https:\\\/\\\/globalfacilitators.org\\\/what-we-do\\\/#breadcrumb\",\"itemListElement\":[{\"@type\":\"ListItem\",\"position\":1,\"name\":\"Home\",\"item\":\"https:\\\/\\\/globalfacilitators.org\\\/\"},{\"@type\":\"ListItem\",\"position\":2,\"name\":\"[:en]WHAT WE DO[:es]QU\u00c9 HACEMOS[:]\"}]},{\"@type\":\"WebSite\",\"@id\":\"https:\\\/\\\/globalfacilitators.org\\\/#website\",\"url\":\"https:\\\/\\\/globalfacilitators.org\\\/\",\"name\":\"GFSC\",\"description\":\"\",\"potentialAction\":[{\"@type\":\"SearchAction\",\"target\":{\"@type\":\"EntryPoint\",\"urlTemplate\":\"https:\\\/\\\/globalfacilitators.org\\\/?s={search_term_string}\"},\"query-input\":{\"@type\":\"PropertyValueSpecification\",\"valueRequired\":true,\"valueName\":\"search_term_string\"}}],\"inLanguage\":\"es\"}]}<\/script>\n<!-- \/ Yoast SEO plugin. -->","yoast_head_json":{"title":"WHAT WE DO | Community Resilience by [:es]GFSC[:]","description":"Explore [:es]GFSC[:] workshops. Train to aid communities post-crisis. Access resources and connect globally.","robots":{"index":"index","follow":"follow","max-snippet":"max-snippet:-1","max-image-preview":"max-image-preview:large","max-video-preview":"max-video-preview:-1"},"canonical":"https:\/\/globalfacilitators.org\/what-we-do\/","og_locale":"es_ES","og_type":"article","og_title":"WHAT WE DO | Community Resilience by [:es]GFSC[:]","og_description":"Explore [:es]GFSC[:] workshops. Train to aid communities post-crisis. Access resources and connect globally.","og_url":"https:\/\/globalfacilitators.org\/what-we-do\/","og_site_name":"GFSC","article_modified_time":"2018-07-14T22:28:15+00:00","og_image":[{"url":"https:\/\/globalfacilitators.org\/wp-content\/uploads\/2024\/07\/Copia-Grupo-Programa-de-formacion-de-GFSC-para-facilitadores-de-Brasil.-Junio.2024.jpg.png","type":"","width":"","height":""}],"twitter_card":"summary_large_image","twitter_title":"WHAT WE DO | Community Resilience by [:es]GFSC[:]","twitter_description":"Explore [:es]GFSC[:] workshops. Train to aid communities post-crisis. Access resources and connect globally.","twitter_image":"https:\/\/globalfacilitators.org\/wp-content\/uploads\/2024\/07\/Copia-Grupo-Programa-de-formacion-de-GFSC-para-facilitadores-de-Brasil.-Junio.2024.jpg.png","twitter_misc":{"Tiempo de lectura":"6 minutos"},"schema":{"@context":"https:\/\/schema.org","@graph":[{"@type":"WebPage","@id":"https:\/\/globalfacilitators.org\/what-we-do\/","url":"https:\/\/globalfacilitators.org\/what-we-do\/","name":"WHAT WE DO | Community Resilience by [:es]GFSC[:]","isPartOf":{"@id":"https:\/\/globalfacilitators.org\/#website"},"datePublished":"2018-05-03T15:15:47+00:00","dateModified":"2018-07-14T22:28:15+00:00","description":"Explore [:es]GFSC[:] workshops. Train to aid communities post-crisis. Access resources and connect globally.","breadcrumb":{"@id":"https:\/\/globalfacilitators.org\/what-we-do\/#breadcrumb"},"inLanguage":"es","potentialAction":[{"@type":"ReadAction","target":["https:\/\/globalfacilitators.org\/what-we-do\/"]}]},{"@type":"BreadcrumbList","@id":"https:\/\/globalfacilitators.org\/what-we-do\/#breadcrumb","itemListElement":[{"@type":"ListItem","position":1,"name":"Home","item":"https:\/\/globalfacilitators.org\/"},{"@type":"ListItem","position":2,"name":"[:en]WHAT WE DO[:es]QU\u00c9 HACEMOS[:]"}]},{"@type":"WebSite","@id":"https:\/\/globalfacilitators.org\/#website","url":"https:\/\/globalfacilitators.org\/","name":"GFSC","description":"","potentialAction":[{"@type":"SearchAction","target":{"@type":"EntryPoint","urlTemplate":"https:\/\/globalfacilitators.org\/?s={search_term_string}"},"query-input":{"@type":"PropertyValueSpecification","valueRequired":true,"valueName":"search_term_string"}}],"inLanguage":"es"}]}},"_links":{"self":[{"href":"https:\/\/globalfacilitators.org\/es\/wp-json\/wp\/v2\/pages\/52","targetHints":{"allow":["GET"]}}],"collection":[{"href":"https:\/\/globalfacilitators.org\/es\/wp-json\/wp\/v2\/pages"}],"about":[{"href":"https:\/\/globalfacilitators.org\/es\/wp-json\/wp\/v2\/types\/page"}],"author":[{"embeddable":true,"href":"https:\/\/globalfacilitators.org\/es\/wp-json\/wp\/v2\/users\/1"}],"replies":[{"embeddable":true,"href":"https:\/\/globalfacilitators.org\/es\/wp-json\/wp\/v2\/comments?post=52"}],"version-history":[{"count":35,"href":"https:\/\/globalfacilitators.org\/es\/wp-json\/wp\/v2\/pages\/52\/revisions"}],"predecessor-version":[{"id":1586,"href":"https:\/\/globalfacilitators.org\/es\/wp-json\/wp\/v2\/pages\/52\/revisions\/1586"}],"wp:attachment":[{"href":"https:\/\/globalfacilitators.org\/es\/wp-json\/wp\/v2\/media?parent=52"}],"curies":[{"name":"wp","href":"https:\/\/api.w.org\/{rel}","templated":true}]}}