{"id":362,"date":"2018-05-29T00:34:24","date_gmt":"2018-05-29T00:34:24","guid":{"rendered":"https:\/\/inteliti.com\/gfsc\/?page_id=362"},"modified":"2019-05-01T19:43:20","modified_gmt":"2019-05-01T19:43:20","slug":"donations","status":"publish","type":"page","link":"https:\/\/globalfacilitators.org\/es\/donations\/","title":{"rendered":"DONACIONES"},"content":{"rendered":"<div id=\"pl-362\"  class=\"panel-layout\" ><div id=\"pg-362-0\"  class=\"panel-grid panel-no-style\" ><div id=\"pgc-362-0-0\"  class=\"panel-grid-cell\" ><div id=\"panel-362-0-0-0\" class=\"so-panel widget widget_sow-editor panel-first-child panel-last-child\" data-index=\"0\" ><div class=\"panel-widget-style panel-widget-style-for-362-0-0-0\" ><div\n\t\t\t\n\t\t\tclass=\"so-widget-sow-editor so-widget-sow-editor-base\"\n\t\t\t\n\t\t>\n<div class=\"siteorigin-widget-tinymce textwidget\">\n\t<p>Los principios rectores de GFSC enfatizan nuestro compromiso con las comunidades, independientemente de su capacidad para pagar los servicios y el apoyo necesarios. Sus donaciones, grandes o peque\u00f1as, son esenciales para ayudarnos a cumplir con este compromiso, contribuyendo a:<\/p>\n<ul>\n<li>Mantener la comunicaci\u00f3n con los clientes, las comunidades, los facilitadores y el p\u00fablico<\/li>\n<li>Ofrecer materiales y tutor\u00eda en forma gratuita<\/li>\n<li>Ayudar a personas que necesitan apoyo para asistir a los talleres<\/li>\n<li>Pagar los gastos de transporte y vivienda en el sitio para los facilitadores del taller<\/li>\n<\/ul>\n<p>\u00a1Esperamos que nos ayudes a continuar este importante trabajo!<\/p>\n<\/div>\n<\/div><\/div><\/div><\/div><div id=\"pgc-362-0-1\"  class=\"panel-grid-cell\" ><div id=\"panel-362-0-1-0\" class=\"so-panel widget widget_sow-image panel-first-child panel-last-child\" data-index=\"1\" ><div\n\t\t\t\n\t\t\tclass=\"so-widget-sow-image so-widget-sow-image-default-c67d20f9f743-362\"\n\t\t\t\n\t\t>\n<div class=\"sow-image-container\">\n\t\t<img fetchpriority=\"high\" \n\tsrc=\"https:\/\/globalfacilitators.org\/wp-content\/uploads\/2018\/05\/ea31b20a2ff3043ecd0b4204e2445b97e675e5dc11b7154992_1920-300x200.jpg\" width=\"300\" height=\"200\" srcset=\"https:\/\/globalfacilitators.org\/wp-content\/uploads\/2018\/05\/ea31b20a2ff3043ecd0b4204e2445b97e675e5dc11b7154992_1920-300x200.jpg 300w, https:\/\/globalfacilitators.org\/wp-content\/uploads\/2018\/05\/ea31b20a2ff3043ecd0b4204e2445b97e675e5dc11b7154992_1920-768x512.jpg 768w, https:\/\/globalfacilitators.org\/wp-content\/uploads\/2018\/05\/ea31b20a2ff3043ecd0b4204e2445b97e675e5dc11b7154992_1920-1024x683.jpg 1024w, https:\/\/globalfacilitators.org\/wp-content\/uploads\/2018\/05\/ea31b20a2ff3043ecd0b4204e2445b97e675e5dc11b7154992_1920-272x182.jpg 272w, https:\/\/globalfacilitators.org\/wp-content\/uploads\/2018\/05\/ea31b20a2ff3043ecd0b4204e2445b97e675e5dc11b7154992_1920-e1549399846854.jpg 341w\" sizes=\"(max-width: 300px) 100vw, 300px\" title=\"Four friends in blue shirts smiling and huddling in a circle, seen from below.\" alt=\"Four friends in blue shirts smiling and huddling in a circle, seen from below.\" \t\tclass=\"so-widget-image\"\/>\n\t<\/div>\n\n<\/div><\/div><\/div><\/div><div id=\"pg-362-1\"  class=\"panel-grid panel-no-style\" ><div id=\"pgc-362-1-0\"  class=\"panel-grid-cell\" ><div id=\"panel-362-1-0-0\" class=\"so-panel widget widget_sow-editor panel-first-child panel-last-child\" data-index=\"2\" ><div class=\"panel-widget-style panel-widget-style-for-362-1-0-0\" ><div\n\t\t\t\n\t\t\tclass=\"so-widget-sow-editor so-widget-sow-editor-base\"\n\t\t\t\n\t\t>\n<div class=\"siteorigin-widget-tinymce textwidget\">\n\t<p>&nbsp;<\/p>\n<p style=\"text-align: center;\"><style>\r\n        .wpedon-container .wpedon-select,\r\n        .wpedon-container .wpedon-input {\r\n            width: 0px;\r\n            min-width: 0px;\r\n            max-width: 0px;\r\n        }\r\n    <\/style><div class='wpedon-container wpedon-align-left'><form target='_blank' action='https:\/\/www.paypal.com\/cgi-bin\/webscr' method='post' class='wpedon-form'><input type='hidden' name='cmd' value='_donations' \/><input type='hidden' name='business' value='info@globalfacilitators.org' \/><input type='hidden' name='currency_code' value='USD' \/><input type='hidden' name='notify_url' value='https:\/\/globalfacilitators.org\/wp-admin\/admin-post.php?action=add_wpedon_button_ipn'><input type='hidden' name='lc' value='en_US'><input type='hidden' name='bn' value='WPPlugin_SP'><input type='hidden' name='return' value='' \/><input type='hidden' name='cancel_return' value='' \/><input class='wpedon_paypalbuttonimage' type='image' src='http:\/\/directfiles.net\/images\/donate.png' border='0' name='submit' alt='Make your payments with PayPal. It is free, secure, effective.' style='border: none;'><img alt='' border='0' style='border:none;display:none;' src='https:\/\/www.paypal.com\/en_US\/i\/scr\/pixel.gif' width='1' height='1'><input type='hidden' name='amount' id='amount_5c2070fc42be8dd1ba8f51e24b0329bc' value='' \/><input type='hidden' name='price' id='price_5c2070fc42be8dd1ba8f51e24b0329bc' value='' \/><input type='hidden' name='item_number' value='' \/><input type='hidden' name='item_name' value='Charity' \/><input type='hidden' name='name' value='Charity' \/><input type='hidden' name='custom' value='515'><input type='hidden' name='no_shipping' value='1'><input type='hidden' name='no_note' value='0'><input type='hidden' name='currency_code' value='USD'><\/form><\/div><\/p>\n<\/div>\n<\/div><\/div><\/div><\/div><\/div><div id=\"pg-362-2\"  class=\"panel-grid panel-no-style\" ><div id=\"pgc-362-2-0\"  class=\"panel-grid-cell\" ><div id=\"panel-362-2-0-0\" class=\"so-panel widget widget_sow-image panel-first-child panel-last-child\" data-index=\"3\" ><div\n\t\t\t\n\t\t\tclass=\"so-widget-sow-image so-widget-sow-image-default-c67d20f9f743-362\"\n\t\t\t\n\t\t>\n<div class=\"sow-image-container\">\n\t\t<img \n\tsrc=\"https:\/\/globalfacilitators.org\/wp-content\/uploads\/2018\/06\/logo-gfsc-alc4bn-300x101.png\" width=\"300\" height=\"101\" srcset=\"https:\/\/globalfacilitators.org\/wp-content\/uploads\/2018\/06\/logo-gfsc-alc4bn-300x101.png 300w, https:\/\/globalfacilitators.org\/wp-content\/uploads\/2018\/06\/logo-gfsc-alc4bn-768x259.png 768w, https:\/\/globalfacilitators.org\/wp-content\/uploads\/2018\/06\/logo-gfsc-alc4bn.png 866w\" sizes=\"(max-width: 300px) 100vw, 300px\" title=\"Logo featuring stylized initials and the text &#8216;CREATORS SERVING&#8217;.\" alt=\"Logo featuring stylized initials and the text &#039;CREATORS SERVING&#039;.\" \t\tclass=\"so-widget-image\"\/>\n\t<\/div>\n\n<\/div><\/div><\/div><\/div><\/div>","protected":false},"excerpt":{"rendered":"<p>Los principios rectores de GFSC enfatizan nuestro compromiso con las comunidades, independientemente de su capacidad para pagar los servicios y el apoyo necesarios. Sus donaciones, grandes o peque\u00f1as, son esenciales para ayudarnos a cumplir con este compromiso, contribuyendo a: Mantener la comunicaci\u00f3n con los clientes, las comunidades, los facilitadores y el p\u00fablico Ofrecer materiales y&#8230; <\/p>\n","protected":false},"author":1,"featured_media":0,"parent":0,"menu_order":0,"comment_status":"closed","ping_status":"closed","template":"full-width.php","meta":{"footnotes":""},"class_list":["post-362","page","type-page","status-publish","hentry"],"yoast_head":"<!-- This site is optimized with the Yoast SEO plugin v27.4 - https:\/\/yoast.com\/product\/yoast-seo-wordpress\/ -->\n<title>DONATIONS | Community Support Donations<\/title>\n<meta name=\"description\" content=\"Join us in making a difference! Contribute with Community Support Donations by [:es]GFSC[:]. Your help ensures workshops reach those in need.\" \/>\n<meta name=\"robots\" content=\"index, follow, max-snippet:-1, max-image-preview:large, max-video-preview:-1\" \/>\n<link rel=\"canonical\" href=\"https:\/\/globalfacilitators.org\/donations\/\" \/>\n<meta property=\"og:locale\" content=\"es_ES\" \/>\n<meta property=\"og:type\" content=\"article\" \/>\n<meta property=\"og:title\" content=\"DONATIONS | Community Support Donations\" \/>\n<meta property=\"og:description\" content=\"Join us in making a difference! Contribute with Community Support Donations by [:es]GFSC[:]. Your help ensures workshops reach those in need.\" \/>\n<meta property=\"og:url\" content=\"https:\/\/globalfacilitators.org\/donations\/\" \/>\n<meta property=\"og:site_name\" content=\"GFSC\" \/>\n<meta property=\"article:modified_time\" content=\"2019-05-01T19:43:20+00:00\" \/>\n<meta property=\"og:image\" content=\"https:\/\/globalfacilitators.org\/wp-content\/uploads\/2021\/01\/12a.-Taller-CCC-Docentes-Mocoa.-Junio-2017.jpg\" \/>\n<meta name=\"twitter:card\" content=\"summary_large_image\" \/>\n<meta name=\"twitter:title\" content=\"DONATIONS | Community Support Donations\" \/>\n<meta name=\"twitter:description\" content=\"Join us in making a difference! Contribute with Community Support Donations by [:es]GFSC[:]. Your help ensures workshops reach those in need.\" \/>\n<meta name=\"twitter:image\" content=\"https:\/\/globalfacilitators.org\/wp-content\/uploads\/2021\/01\/12a.-Taller-CCC-Docentes-Mocoa.-Junio-2017.jpg\" \/>\n<meta name=\"twitter:label1\" content=\"Tiempo de lectura\" \/>\n\t<meta name=\"twitter:data1\" content=\"1 minuto\" \/>\n<script type=\"application\/ld+json\" class=\"yoast-schema-graph\">{\"@context\":\"https:\\\/\\\/schema.org\",\"@graph\":[{\"@type\":\"WebPage\",\"@id\":\"https:\\\/\\\/globalfacilitators.org\\\/donations\\\/\",\"url\":\"https:\\\/\\\/globalfacilitators.org\\\/donations\\\/\",\"name\":\"DONATIONS | Community Support Donations\",\"isPartOf\":{\"@id\":\"https:\\\/\\\/globalfacilitators.org\\\/#website\"},\"datePublished\":\"2018-05-29T00:34:24+00:00\",\"dateModified\":\"2019-05-01T19:43:20+00:00\",\"description\":\"Join us in making a difference! Contribute with Community Support Donations by [:es]GFSC[:]. Your help ensures workshops reach those in need.\",\"breadcrumb\":{\"@id\":\"https:\\\/\\\/globalfacilitators.org\\\/donations\\\/#breadcrumb\"},\"inLanguage\":\"es\",\"potentialAction\":[{\"@type\":\"ReadAction\",\"target\":[\"https:\\\/\\\/globalfacilitators.org\\\/donations\\\/\"]}]},{\"@type\":\"BreadcrumbList\",\"@id\":\"https:\\\/\\\/globalfacilitators.org\\\/donations\\\/#breadcrumb\",\"itemListElement\":[{\"@type\":\"ListItem\",\"position\":1,\"name\":\"Home\",\"item\":\"https:\\\/\\\/globalfacilitators.org\\\/\"},{\"@type\":\"ListItem\",\"position\":2,\"name\":\"[:en]DONATIONS[:es]DONACIONES[:]\"}]},{\"@type\":\"WebSite\",\"@id\":\"https:\\\/\\\/globalfacilitators.org\\\/#website\",\"url\":\"https:\\\/\\\/globalfacilitators.org\\\/\",\"name\":\"GFSC\",\"description\":\"\",\"potentialAction\":[{\"@type\":\"SearchAction\",\"target\":{\"@type\":\"EntryPoint\",\"urlTemplate\":\"https:\\\/\\\/globalfacilitators.org\\\/?s={search_term_string}\"},\"query-input\":{\"@type\":\"PropertyValueSpecification\",\"valueRequired\":true,\"valueName\":\"search_term_string\"}}],\"inLanguage\":\"es\"}]}<\/script>\n<!-- \/ Yoast SEO plugin. -->","yoast_head_json":{"title":"DONATIONS | Community Support Donations","description":"Join us in making a difference! Contribute with Community Support Donations by [:es]GFSC[:]. Your help ensures workshops reach those in need.","robots":{"index":"index","follow":"follow","max-snippet":"max-snippet:-1","max-image-preview":"max-image-preview:large","max-video-preview":"max-video-preview:-1"},"canonical":"https:\/\/globalfacilitators.org\/donations\/","og_locale":"es_ES","og_type":"article","og_title":"DONATIONS | Community Support Donations","og_description":"Join us in making a difference! Contribute with Community Support Donations by [:es]GFSC[:]. Your help ensures workshops reach those in need.","og_url":"https:\/\/globalfacilitators.org\/donations\/","og_site_name":"GFSC","article_modified_time":"2019-05-01T19:43:20+00:00","og_image":[{"url":"https:\/\/globalfacilitators.org\/wp-content\/uploads\/2021\/01\/12a.-Taller-CCC-Docentes-Mocoa.-Junio-2017.jpg","type":"","width":"","height":""}],"twitter_card":"summary_large_image","twitter_title":"DONATIONS | Community Support Donations","twitter_description":"Join us in making a difference! Contribute with Community Support Donations by [:es]GFSC[:]. Your help ensures workshops reach those in need.","twitter_image":"https:\/\/globalfacilitators.org\/wp-content\/uploads\/2021\/01\/12a.-Taller-CCC-Docentes-Mocoa.-Junio-2017.jpg","twitter_misc":{"Tiempo de lectura":"1 minuto"},"schema":{"@context":"https:\/\/schema.org","@graph":[{"@type":"WebPage","@id":"https:\/\/globalfacilitators.org\/donations\/","url":"https:\/\/globalfacilitators.org\/donations\/","name":"DONATIONS | Community Support Donations","isPartOf":{"@id":"https:\/\/globalfacilitators.org\/#website"},"datePublished":"2018-05-29T00:34:24+00:00","dateModified":"2019-05-01T19:43:20+00:00","description":"Join us in making a difference! Contribute with Community Support Donations by [:es]GFSC[:]. Your help ensures workshops reach those in need.","breadcrumb":{"@id":"https:\/\/globalfacilitators.org\/donations\/#breadcrumb"},"inLanguage":"es","potentialAction":[{"@type":"ReadAction","target":["https:\/\/globalfacilitators.org\/donations\/"]}]},{"@type":"BreadcrumbList","@id":"https:\/\/globalfacilitators.org\/donations\/#breadcrumb","itemListElement":[{"@type":"ListItem","position":1,"name":"Home","item":"https:\/\/globalfacilitators.org\/"},{"@type":"ListItem","position":2,"name":"[:en]DONATIONS[:es]DONACIONES[:]"}]},{"@type":"WebSite","@id":"https:\/\/globalfacilitators.org\/#website","url":"https:\/\/globalfacilitators.org\/","name":"GFSC","description":"","potentialAction":[{"@type":"SearchAction","target":{"@type":"EntryPoint","urlTemplate":"https:\/\/globalfacilitators.org\/?s={search_term_string}"},"query-input":{"@type":"PropertyValueSpecification","valueRequired":true,"valueName":"search_term_string"}}],"inLanguage":"es"}]}},"_links":{"self":[{"href":"https:\/\/globalfacilitators.org\/es\/wp-json\/wp\/v2\/pages\/362","targetHints":{"allow":["GET"]}}],"collection":[{"href":"https:\/\/globalfacilitators.org\/es\/wp-json\/wp\/v2\/pages"}],"about":[{"href":"https:\/\/globalfacilitators.org\/es\/wp-json\/wp\/v2\/types\/page"}],"author":[{"embeddable":true,"href":"https:\/\/globalfacilitators.org\/es\/wp-json\/wp\/v2\/users\/1"}],"replies":[{"embeddable":true,"href":"https:\/\/globalfacilitators.org\/es\/wp-json\/wp\/v2\/comments?post=362"}],"version-history":[{"count":34,"href":"https:\/\/globalfacilitators.org\/es\/wp-json\/wp\/v2\/pages\/362\/revisions"}],"predecessor-version":[{"id":1005,"href":"https:\/\/globalfacilitators.org\/es\/wp-json\/wp\/v2\/pages\/362\/revisions\/1005"}],"wp:attachment":[{"href":"https:\/\/globalfacilitators.org\/es\/wp-json\/wp\/v2\/media?parent=362"}],"curies":[{"name":"wp","href":"https:\/\/api.w.org\/{rel}","templated":true}]}}